{"id":5707,"date":"2015-02-19T09:48:19","date_gmt":"2015-02-19T09:48:19","guid":{"rendered":"http:\/\/demo2.wpresidence.net\/?page_id=5707"},"modified":"2024-08-21T09:47:14","modified_gmt":"2024-08-21T09:47:14","slug":"contact-us","status":"publish","type":"page","link":"https:\/\/spaniavilla.com\/en\/contact-us\/","title":{"rendered":"Contact Us"},"content":{"rendered":"<div class=\"wpb-content-wrapper\"><p>[vc_row][vc_column][vc_column_text]<\/p>\n<p>[\/vc_column_text][\/vc_column][\/vc_row][vc_row][vc_column][vc_empty_space height=&#8221;30&#8243;][vc_column_text]Har avtale med s\u00e5 godt som alle utbyggerne mellom Alicante s\u00f8r og Cartagena nord.<\/p>\n<p>Har full oversikt over hvilke utbyggere som stiller bankgaranti.<br \/>\nBruk derfor meg til \u00e5 vise dere de aktuelle prosjektene.<\/p>\n<p>Kan da utifra deres behov finne de aktuelle prosjektene som passer perfekt til deres behov og dere f\u00e5r dr\u00f8mmeboligen i solens land.<\/p>\n<p>\u00c5 gj\u00f8re mange avtaler \u2013 med mange meglere blir ofte veldig slitsomt for alle parter \u2013 da alle viser de samme objektene.<\/p>\n<p>Send meg heller lenker fra andre firma, og sp\u00f8r om jeg kan vise det samme \u2013 for det kan jeg!<\/p>\n<p>Jeg gleder seg til \u00e5 m\u00f8te mine kunder b\u00e5de f\u00f8r og etter de har kj\u00f8pt bolig og kan bist\u00e5 med r\u00e5d og hjelp s\u00e5 lenge dere trenger det.<\/p>\n<p>Avgifter ved kj\u00f8p av bolig i Spania:<br \/>\nKostnader ved kj\u00f8p av bolig i Spania er mellom 13 og 14,5%.<br \/>\nDette er da 10 % moms (iva) samt notariusavgift og registreringsavgift hos eiendomsregisteret. Dette inkludert ogs\u00e5 en advokat eller asessor som oversetter for dere hos \u2013 Notarius, ordner med overf\u00f8ring av alle kontrakter p\u00e5 str\u00f8m , vann og lignende og som da blir deres skatterepresentant etter kj\u00f8pet.<\/p>\n<p>Etter 23 \u00e5r i faget her i Costa Blanca s\u00f8r er jeg godt kjent i alle omr\u00e5der, og har derfor alle forutsetninger til \u00e5 kunne finne din dr\u00f8mmebolig i solen.[\/vc_column_text][\/vc_column][\/vc_row][vc_row][vc_column][vc_column_text]<\/p>\n<p>[\/vc_column_text][\/vc_column][\/vc_row]<\/p>\n<\/div>","protected":false},"excerpt":{"rendered":"<p>[vc_row][vc_column][vc_column_text] [\/vc_column_text][\/vc_column][\/vc_row][vc_row][vc_column][vc_empty_space height=&#8221;30&#8243;][vc_column_text]Har avtale med s\u00e5 godt som alle utbyggerne mellom Alicante s\u00f8r og Cartagena nord. Har full oversikt over hvilke utbyggere som stiller bankgaranti. Bruk derfor meg til \u00e5 vise dere de aktuelle prosjektene. Kan da utifra deres behov finne de aktuelle prosjektene som passer perfekt til deres behov og dere f\u00e5r dr\u00f8mmeboligen i solens land. \u00c5 gj\u00f8re mange avtaler \u2013 med mange &#8230;<\/p>\n","protected":false},"author":1,"featured_media":0,"parent":0,"menu_order":0,"comment_status":"open","ping_status":"open","template":"contact_page.php","meta":{"footnotes":""},"class_list":["post-5707","page","type-page","status-publish","hentry"],"_links":{"self":[{"href":"https:\/\/spaniavilla.com\/en\/wp-json\/wp\/v2\/pages\/5707","targetHints":{"allow":["GET"]}}],"collection":[{"href":"https:\/\/spaniavilla.com\/en\/wp-json\/wp\/v2\/pages"}],"about":[{"href":"https:\/\/spaniavilla.com\/en\/wp-json\/wp\/v2\/types\/page"}],"author":[{"embeddable":true,"href":"https:\/\/spaniavilla.com\/en\/wp-json\/wp\/v2\/users\/1"}],"replies":[{"embeddable":true,"href":"https:\/\/spaniavilla.com\/en\/wp-json\/wp\/v2\/comments?post=5707"}],"version-history":[{"count":4,"href":"https:\/\/spaniavilla.com\/en\/wp-json\/wp\/v2\/pages\/5707\/revisions"}],"predecessor-version":[{"id":21687,"href":"https:\/\/spaniavilla.com\/en\/wp-json\/wp\/v2\/pages\/5707\/revisions\/21687"}],"wp:attachment":[{"href":"https:\/\/spaniavilla.com\/en\/wp-json\/wp\/v2\/media?parent=5707"}],"curies":[{"name":"wp","href":"https:\/\/api.w.org\/{rel}","templated":true}]}}